{"id":731,"date":"2022-09-07T15:11:47","date_gmt":"2022-09-07T13:11:47","guid":{"rendered":"https:\/\/www.techpointgroup.eu\/vacatures\/"},"modified":"2023-12-13T09:48:52","modified_gmt":"2023-12-13T08:48:52","slug":"stellenangebote","status":"publish","type":"page","link":"https:\/\/www.techpointgroup.eu\/de\/stellenangebote\/","title":{"rendered":"Stellenangebote"},"content":{"rendered":"<h2><strong>Freie Stellen bei TechPoint Group B.V.<\/strong><\/h2>\n<p>Aufgrund von Wachstum sucht die TechPoint Group neue Mitarbeiter. Sehen Sie Ihre Zukunft in einem wachsenden und erfolgreichen Unternehmen? Dann nutzen Sie Ihre Chance bei der TechPoint Group!<\/p>\n<p>&nbsp;<\/p>\n<h2><strong>W\u00fcrden Sie gerne bei TechPoint Group B.V. arbeiten?<\/strong><\/h2>\n<p>Wenn ja, laden wir Sie herzlich ein, auf uns zu reagieren. Senden Sie Ihren Lebenslauf mit Ihrer Motivation an workplace@techpointgroup.eu. F\u00fcr ausf\u00fchrliche Informationen \u00fcber die Stelle rufen Sie bitte +31 (0)85 9020 740 an.<\/p>\n","protected":false},"excerpt":{"rendered":"<p>Freie Stellen bei TechPoint Group B.V. Aufgrund von Wachstum sucht die TechPoint Group neue Mitarbeiter. Sehen Sie Ihre Zukunft in einem wachsenden und erfolgreichen Unternehmen? Dann nutzen Sie Ihre Chance bei der TechPoint Group! &nbsp; W\u00fcrden Sie gerne bei TechPoint Group B.V. arbeiten? Wenn ja, laden wir Sie herzlich ein, auf uns zu reagieren. Senden [&hellip;]<\/p>\n","protected":false},"author":1,"featured_media":1245,"parent":0,"menu_order":0,"comment_status":"closed","ping_status":"closed","template":"","meta":{"_acf_changed":false,"_monsterinsights_skip_tracking":false,"_monsterinsights_sitenote_active":false,"_monsterinsights_sitenote_note":"","_monsterinsights_sitenote_category":0,"footnotes":""},"class_list":["post-731","page","type-page","status-publish","has-post-thumbnail","hentry"],"acf":[],"yoast_head":"<!-- This site is optimized with the Yoast SEO plugin v26.9 - https:\/\/yoast.com\/product\/yoast-seo-wordpress\/ -->\n<title>Stellenangebote - TechPoint Group<\/title>\n<meta name=\"robots\" content=\"index, follow, max-snippet:-1, max-image-preview:large, max-video-preview:-1\" \/>\n<link rel=\"canonical\" href=\"https:\/\/www.techpointgroup.eu\/de\/stellenangebote\/\" \/>\n<meta property=\"og:locale\" content=\"de_DE\" \/>\n<meta property=\"og:type\" content=\"article\" \/>\n<meta property=\"og:title\" content=\"Stellenangebote - TechPoint Group\" \/>\n<meta property=\"og:description\" content=\"Freie Stellen bei TechPoint Group B.V. Aufgrund von Wachstum sucht die TechPoint Group neue Mitarbeiter. Sehen Sie Ihre Zukunft in einem wachsenden und erfolgreichen Unternehmen? Dann nutzen Sie Ihre Chance bei der TechPoint Group! &nbsp; W\u00fcrden Sie gerne bei TechPoint Group B.V. arbeiten? Wenn ja, laden wir Sie herzlich ein, auf uns zu reagieren. Senden [&hellip;]\" \/>\n<meta property=\"og:url\" content=\"https:\/\/www.techpointgroup.eu\/de\/stellenangebote\/\" \/>\n<meta property=\"og:site_name\" content=\"TechPoint Group\" \/>\n<meta property=\"article:modified_time\" content=\"2023-12-13T08:48:52+00:00\" \/>\n<meta property=\"og:image\" content=\"https:\/\/www.techpointgroup.eu\/wp-content\/uploads\/2023\/03\/pexels-pixabay-327049.jpg\" \/>\n\t<meta property=\"og:image:width\" content=\"2048\" \/>\n\t<meta property=\"og:image:height\" content=\"1375\" \/>\n\t<meta property=\"og:image:type\" content=\"image\/jpeg\" \/>\n<meta name=\"twitter:card\" content=\"summary_large_image\" \/>\n<meta name=\"twitter:label1\" content=\"Gesch\u00e4tzte Lesezeit\" \/>\n\t<meta name=\"twitter:data1\" content=\"1\u00a0Minute\" \/>\n<!-- \/ Yoast SEO plugin. -->","yoast_head_json":{"title":"Stellenangebote - TechPoint Group","robots":{"index":"index","follow":"follow","max-snippet":"max-snippet:-1","max-image-preview":"max-image-preview:large","max-video-preview":"max-video-preview:-1"},"canonical":"https:\/\/www.techpointgroup.eu\/de\/stellenangebote\/","og_locale":"de_DE","og_type":"article","og_title":"Stellenangebote - TechPoint Group","og_description":"Freie Stellen bei TechPoint Group B.V. Aufgrund von Wachstum sucht die TechPoint Group neue Mitarbeiter. Sehen Sie Ihre Zukunft in einem wachsenden und erfolgreichen Unternehmen? Dann nutzen Sie Ihre Chance bei der TechPoint Group! &nbsp; W\u00fcrden Sie gerne bei TechPoint Group B.V. arbeiten? Wenn ja, laden wir Sie herzlich ein, auf uns zu reagieren. Senden [&hellip;]","og_url":"https:\/\/www.techpointgroup.eu\/de\/stellenangebote\/","og_site_name":"TechPoint Group","article_modified_time":"2023-12-13T08:48:52+00:00","og_image":[{"width":2048,"height":1375,"url":"https:\/\/www.techpointgroup.eu\/wp-content\/uploads\/2023\/03\/pexels-pixabay-327049.jpg","type":"image\/jpeg"}],"twitter_card":"summary_large_image","twitter_misc":{"Gesch\u00e4tzte Lesezeit":"1\u00a0Minute"},"schema":{"@context":"https:\/\/schema.org","@graph":[{"@type":"WebPage","@id":"https:\/\/www.techpointgroup.eu\/de\/stellenangebote\/","url":"https:\/\/www.techpointgroup.eu\/de\/stellenangebote\/","name":"Stellenangebote - TechPoint Group","isPartOf":{"@id":"https:\/\/www.techpointgroup.eu\/de\/#website"},"primaryImageOfPage":{"@id":"https:\/\/www.techpointgroup.eu\/de\/stellenangebote\/#primaryimage"},"image":{"@id":"https:\/\/www.techpointgroup.eu\/de\/stellenangebote\/#primaryimage"},"thumbnailUrl":"https:\/\/www.techpointgroup.eu\/wp-content\/uploads\/2024\/06\/Vacatures-techpoint-group.png","datePublished":"2022-09-07T13:11:47+00:00","dateModified":"2023-12-13T08:48:52+00:00","inLanguage":"de","potentialAction":[{"@type":"ReadAction","target":["https:\/\/www.techpointgroup.eu\/de\/stellenangebote\/"]}]},{"@type":"ImageObject","inLanguage":"de","@id":"https:\/\/www.techpointgroup.eu\/de\/stellenangebote\/#primaryimage","url":"https:\/\/www.techpointgroup.eu\/wp-content\/uploads\/2024\/06\/Vacatures-techpoint-group.png","contentUrl":"https:\/\/www.techpointgroup.eu\/wp-content\/uploads\/2024\/06\/Vacatures-techpoint-group.png","width":1535,"height":1116},{"@type":"WebSite","@id":"https:\/\/www.techpointgroup.eu\/de\/#website","url":"https:\/\/www.techpointgroup.eu\/de\/","name":"TechPoint Group","description":"TechPoint Group","potentialAction":[{"@type":"SearchAction","target":{"@type":"EntryPoint","urlTemplate":"https:\/\/www.techpointgroup.eu\/de\/?s={search_term_string}"},"query-input":{"@type":"PropertyValueSpecification","valueRequired":true,"valueName":"search_term_string"}}],"inLanguage":"de"}]}},"_links":{"self":[{"href":"https:\/\/www.techpointgroup.eu\/de\/wp-json\/wp\/v2\/pages\/731","targetHints":{"allow":["GET"]}}],"collection":[{"href":"https:\/\/www.techpointgroup.eu\/de\/wp-json\/wp\/v2\/pages"}],"about":[{"href":"https:\/\/www.techpointgroup.eu\/de\/wp-json\/wp\/v2\/types\/page"}],"author":[{"embeddable":true,"href":"https:\/\/www.techpointgroup.eu\/de\/wp-json\/wp\/v2\/users\/1"}],"replies":[{"embeddable":true,"href":"https:\/\/www.techpointgroup.eu\/de\/wp-json\/wp\/v2\/comments?post=731"}],"version-history":[{"count":2,"href":"https:\/\/www.techpointgroup.eu\/de\/wp-json\/wp\/v2\/pages\/731\/revisions"}],"predecessor-version":[{"id":1211,"href":"https:\/\/www.techpointgroup.eu\/de\/wp-json\/wp\/v2\/pages\/731\/revisions\/1211"}],"wp:featuredmedia":[{"embeddable":true,"href":"https:\/\/www.techpointgroup.eu\/de\/wp-json\/wp\/v2\/media\/1245"}],"wp:attachment":[{"href":"https:\/\/www.techpointgroup.eu\/de\/wp-json\/wp\/v2\/media?parent=731"}],"curies":[{"name":"wp","href":"https:\/\/api.w.org\/{rel}","templated":true}]}}