{"id":715,"date":"2022-09-07T15:05:52","date_gmt":"2022-09-07T13:05:52","guid":{"rendered":"https:\/\/www.techpointgroup.eu\/losungen\/shredders\/"},"modified":"2023-12-13T09:46:19","modified_gmt":"2023-12-13T08:46:19","slug":"shredder","status":"publish","type":"page","link":"https:\/\/www.techpointgroup.eu\/de\/shredder\/","title":{"rendered":"Industrielle H\u00e4cksler"},"content":{"rendered":"<h2><strong>Industrielle H\u00e4cksler<\/strong><\/h2>\n<p>TechPoint Group B.V. produziert und liefert kundenspezifische industrielle Zerkleinerungsmaschinen. Mit unserem H\u00e4cksler treffen Sie eine gute Wahl, um Ihren Abfall nachhaltig zu entsorgen und Kosten bei der Abfallentsorgung zu sparen.<\/p>\n<p><strong>\u00a0<\/strong><\/p>\n<h2><strong>1-, 2-, 3-, 4-Achsen-H\u00e4cksler<\/strong><\/h2>\n<p>Je nach Art und Menge Ihres Abfalls w\u00e4hlen Sie einen 1-, 2-, 3- oder 4-Achsen-H\u00e4cksler. Die TechPoint Group B.V. wird Sie dabei angemessen beraten.<\/p>\n<p><strong>\u00a0<\/strong><\/p>\n<h2><strong>Abfallbehandlung<\/strong><\/h2>\n<p>Ein H\u00e4cksler zerkleinert den Abfall in kleine St\u00fccke, die dann in kleinen Mengen und oft billiger entsorgt werden k\u00f6nnen. Je nach Art des Abfalls kann der Abfall nach der Verarbeitung manchmal einen Wert haben. H\u00e4cksler sind eines der am h\u00e4ufigsten verwendeten Abfallbehandlungssysteme und es gibt nur wenige Abfallarten, die nicht durch den H\u00e4cksler gehen k\u00f6nnen. Beispiele f\u00fcr Abf\u00e4lle, die von unseren industriellen Zerkleinerern zerkleinert werden, sind Brot, Kekse und Reiswaffeln.<\/p>\n<p>&nbsp;<\/p>\n<h2><strong>Mehr erfahren?<\/strong><\/h2>\n<p>Sind Sie neugierig auf unserem M\u00f6glichkeiten? Dann wenden Sie sich bitte an einen unserer Spezialisten, der Ihnen gerne weiterhilft und Sie informiert.<\/p>\n<p>&nbsp;<\/p>\n","protected":false},"excerpt":{"rendered":"<p>Industrielle H\u00e4cksler TechPoint Group B.V. produziert und liefert kundenspezifische industrielle Zerkleinerungsmaschinen. Mit unserem H\u00e4cksler treffen Sie eine gute Wahl, um Ihren Abfall nachhaltig zu entsorgen und Kosten bei der Abfallentsorgung zu sparen. \u00a0 1-, 2-, 3-, 4-Achsen-H\u00e4cksler Je nach Art und Menge Ihres Abfalls w\u00e4hlen Sie einen 1-, 2-, 3- oder 4-Achsen-H\u00e4cksler. Die TechPoint Group [&hellip;]<\/p>\n","protected":false},"author":1,"featured_media":0,"parent":0,"menu_order":0,"comment_status":"closed","ping_status":"closed","template":"","meta":{"_acf_changed":false,"_monsterinsights_skip_tracking":false,"_monsterinsights_sitenote_active":false,"_monsterinsights_sitenote_note":"","_monsterinsights_sitenote_category":0,"footnotes":""},"class_list":["post-715","page","type-page","status-publish","hentry"],"acf":[],"yoast_head":"<!-- This site is optimized with the Yoast SEO plugin v26.9 - https:\/\/yoast.com\/product\/yoast-seo-wordpress\/ -->\n<title>Industrielle H\u00e4cksler - TechPoint Group<\/title>\n<meta name=\"robots\" content=\"index, follow, max-snippet:-1, max-image-preview:large, max-video-preview:-1\" \/>\n<link rel=\"canonical\" href=\"https:\/\/www.techpointgroup.eu\/de\/shredder\/\" \/>\n<meta property=\"og:locale\" content=\"de_DE\" \/>\n<meta property=\"og:type\" content=\"article\" \/>\n<meta property=\"og:title\" content=\"Industrielle H\u00e4cksler - TechPoint Group\" \/>\n<meta property=\"og:description\" content=\"Industrielle H\u00e4cksler TechPoint Group B.V. produziert und liefert kundenspezifische industrielle Zerkleinerungsmaschinen. Mit unserem H\u00e4cksler treffen Sie eine gute Wahl, um Ihren Abfall nachhaltig zu entsorgen und Kosten bei der Abfallentsorgung zu sparen. \u00a0 1-, 2-, 3-, 4-Achsen-H\u00e4cksler Je nach Art und Menge Ihres Abfalls w\u00e4hlen Sie einen 1-, 2-, 3- oder 4-Achsen-H\u00e4cksler. Die TechPoint Group [&hellip;]\" \/>\n<meta property=\"og:url\" content=\"https:\/\/www.techpointgroup.eu\/de\/shredder\/\" \/>\n<meta property=\"og:site_name\" content=\"TechPoint Group\" \/>\n<meta property=\"article:modified_time\" content=\"2023-12-13T08:46:19+00:00\" \/>\n<meta name=\"twitter:card\" content=\"summary_large_image\" \/>\n<meta name=\"twitter:label1\" content=\"Gesch\u00e4tzte Lesezeit\" \/>\n\t<meta name=\"twitter:data1\" content=\"1\u00a0Minute\" \/>\n<!-- \/ Yoast SEO plugin. -->","yoast_head_json":{"title":"Industrielle H\u00e4cksler - TechPoint Group","robots":{"index":"index","follow":"follow","max-snippet":"max-snippet:-1","max-image-preview":"max-image-preview:large","max-video-preview":"max-video-preview:-1"},"canonical":"https:\/\/www.techpointgroup.eu\/de\/shredder\/","og_locale":"de_DE","og_type":"article","og_title":"Industrielle H\u00e4cksler - TechPoint Group","og_description":"Industrielle H\u00e4cksler TechPoint Group B.V. produziert und liefert kundenspezifische industrielle Zerkleinerungsmaschinen. Mit unserem H\u00e4cksler treffen Sie eine gute Wahl, um Ihren Abfall nachhaltig zu entsorgen und Kosten bei der Abfallentsorgung zu sparen. \u00a0 1-, 2-, 3-, 4-Achsen-H\u00e4cksler Je nach Art und Menge Ihres Abfalls w\u00e4hlen Sie einen 1-, 2-, 3- oder 4-Achsen-H\u00e4cksler. Die TechPoint Group [&hellip;]","og_url":"https:\/\/www.techpointgroup.eu\/de\/shredder\/","og_site_name":"TechPoint Group","article_modified_time":"2023-12-13T08:46:19+00:00","twitter_card":"summary_large_image","twitter_misc":{"Gesch\u00e4tzte Lesezeit":"1\u00a0Minute"},"schema":{"@context":"https:\/\/schema.org","@graph":[{"@type":"WebPage","@id":"https:\/\/www.techpointgroup.eu\/de\/shredder\/","url":"https:\/\/www.techpointgroup.eu\/de\/shredder\/","name":"Industrielle H\u00e4cksler - TechPoint Group","isPartOf":{"@id":"https:\/\/www.techpointgroup.eu\/de\/#website"},"datePublished":"2022-09-07T13:05:52+00:00","dateModified":"2023-12-13T08:46:19+00:00","inLanguage":"de","potentialAction":[{"@type":"ReadAction","target":["https:\/\/www.techpointgroup.eu\/de\/shredder\/"]}]},{"@type":"WebSite","@id":"https:\/\/www.techpointgroup.eu\/de\/#website","url":"https:\/\/www.techpointgroup.eu\/de\/","name":"TechPoint Group","description":"TechPoint Group","potentialAction":[{"@type":"SearchAction","target":{"@type":"EntryPoint","urlTemplate":"https:\/\/www.techpointgroup.eu\/de\/?s={search_term_string}"},"query-input":{"@type":"PropertyValueSpecification","valueRequired":true,"valueName":"search_term_string"}}],"inLanguage":"de"}]}},"_links":{"self":[{"href":"https:\/\/www.techpointgroup.eu\/de\/wp-json\/wp\/v2\/pages\/715","targetHints":{"allow":["GET"]}}],"collection":[{"href":"https:\/\/www.techpointgroup.eu\/de\/wp-json\/wp\/v2\/pages"}],"about":[{"href":"https:\/\/www.techpointgroup.eu\/de\/wp-json\/wp\/v2\/types\/page"}],"author":[{"embeddable":true,"href":"https:\/\/www.techpointgroup.eu\/de\/wp-json\/wp\/v2\/users\/1"}],"replies":[{"embeddable":true,"href":"https:\/\/www.techpointgroup.eu\/de\/wp-json\/wp\/v2\/comments?post=715"}],"version-history":[{"count":2,"href":"https:\/\/www.techpointgroup.eu\/de\/wp-json\/wp\/v2\/pages\/715\/revisions"}],"predecessor-version":[{"id":1208,"href":"https:\/\/www.techpointgroup.eu\/de\/wp-json\/wp\/v2\/pages\/715\/revisions\/1208"}],"wp:attachment":[{"href":"https:\/\/www.techpointgroup.eu\/de\/wp-json\/wp\/v2\/media?parent=715"}],"curies":[{"name":"wp","href":"https:\/\/api.w.org\/{rel}","templated":true}]}}