{"id":701,"date":"2022-09-07T15:06:19","date_gmt":"2022-09-07T13:06:19","guid":{"rendered":"https:\/\/www.techpointgroup.eu\/losungen\/besturingssystemen\/"},"modified":"2023-12-13T09:44:52","modified_gmt":"2023-12-13T08:44:52","slug":"betriebssysteme","status":"publish","type":"page","link":"https:\/\/www.techpointgroup.eu\/de\/betriebssysteme\/","title":{"rendered":"Steuerungssysteme"},"content":{"rendered":"<h2><strong>Steuerungssysteme<\/strong><\/h2>\n<p>Suchen Sie eine Maschinensteuerung f\u00fcr Ihr Unternehmen? TechPoint Group B.V. gestaltet, baut und installiert Ihre gew\u00fcnschten Maschinensteuerungen. Wir k\u00f6nnen auch verschiedene \u00c4nderungen an Ihren vorhandenen Systemen vornehmen. Dies verhindert, dass Sie v\u00f6llig neue Steuerungssysteme entwickeln, erstellen und installieren m\u00fcssen, wenn Ihre Steuerungssystem nicht mehr funktionieren.<\/p>\n<p><strong>\u00a0<\/strong><\/p>\n<h2><strong>Maschinensteuerung in der Softwareentwicklung<\/strong><\/h2>\n<p>Sie k\u00f6nnen auch f\u00fcr die Softwareentwicklung von Maschinensteuerungen zu uns kommen. Wir programmieren f\u00fcr Sie SPS, Touchscreens und Wechselrichter. Daher arbeiten wir mit verschiedenen Marken wie Siemens, Schneider oder Hitachi. Bei Bedarf k\u00f6nnen wir auch Ihre Maschinensteuerung erneuern, indem wir Ihr altes Programm auf eine neue Software umstellen.<\/p>\n<p>&nbsp;<\/p>\n<h2><strong>Mehr erfahren?<\/strong><\/h2>\n<p>Sind Sie neugierig auf unserem M\u00f6glichkeiten? Dann wenden Sie sich bitte an einen unserer Spezialisten, der Ihnen gerne weiterhilft und Sie informiert.<\/p>\n","protected":false},"excerpt":{"rendered":"<p>Steuerungssysteme Suchen Sie eine Maschinensteuerung f\u00fcr Ihr Unternehmen? TechPoint Group B.V. gestaltet, baut und installiert Ihre gew\u00fcnschten Maschinensteuerungen. Wir k\u00f6nnen auch verschiedene \u00c4nderungen an Ihren vorhandenen Systemen vornehmen. Dies verhindert, dass Sie v\u00f6llig neue Steuerungssysteme entwickeln, erstellen und installieren m\u00fcssen, wenn Ihre Steuerungssystem nicht mehr funktionieren. \u00a0 Maschinensteuerung in der Softwareentwicklung Sie k\u00f6nnen auch f\u00fcr [&hellip;]<\/p>\n","protected":false},"author":1,"featured_media":1021,"parent":0,"menu_order":0,"comment_status":"closed","ping_status":"closed","template":"","meta":{"_acf_changed":false,"_monsterinsights_skip_tracking":false,"_monsterinsights_sitenote_active":false,"_monsterinsights_sitenote_note":"","_monsterinsights_sitenote_category":0,"footnotes":""},"class_list":["post-701","page","type-page","status-publish","has-post-thumbnail","hentry"],"acf":[],"yoast_head":"<!-- This site is optimized with the Yoast SEO plugin v26.9 - https:\/\/yoast.com\/product\/yoast-seo-wordpress\/ -->\n<title>Steuerungssysteme - TechPoint Group<\/title>\n<meta name=\"robots\" content=\"index, follow, max-snippet:-1, max-image-preview:large, max-video-preview:-1\" \/>\n<link rel=\"canonical\" href=\"https:\/\/www.techpointgroup.eu\/de\/betriebssysteme\/\" \/>\n<meta property=\"og:locale\" content=\"de_DE\" \/>\n<meta property=\"og:type\" content=\"article\" \/>\n<meta property=\"og:title\" content=\"Steuerungssysteme - TechPoint Group\" \/>\n<meta property=\"og:description\" content=\"Steuerungssysteme Suchen Sie eine Maschinensteuerung f\u00fcr Ihr Unternehmen? TechPoint Group B.V. gestaltet, baut und installiert Ihre gew\u00fcnschten Maschinensteuerungen. Wir k\u00f6nnen auch verschiedene \u00c4nderungen an Ihren vorhandenen Systemen vornehmen. Dies verhindert, dass Sie v\u00f6llig neue Steuerungssysteme entwickeln, erstellen und installieren m\u00fcssen, wenn Ihre Steuerungssystem nicht mehr funktionieren. \u00a0 Maschinensteuerung in der Softwareentwicklung Sie k\u00f6nnen auch f\u00fcr [&hellip;]\" \/>\n<meta property=\"og:url\" content=\"https:\/\/www.techpointgroup.eu\/de\/betriebssysteme\/\" \/>\n<meta property=\"og:site_name\" content=\"TechPoint Group\" \/>\n<meta property=\"article:modified_time\" content=\"2023-12-13T08:44:52+00:00\" \/>\n<meta property=\"og:image\" content=\"https:\/\/www.techpointgroup.eu\/wp-content\/uploads\/2023\/03\/besturingskast-busturingssyteem.jpg\" \/>\n\t<meta property=\"og:image:width\" content=\"1365\" \/>\n\t<meta property=\"og:image:height\" content=\"2048\" \/>\n\t<meta property=\"og:image:type\" content=\"image\/jpeg\" \/>\n<meta name=\"twitter:card\" content=\"summary_large_image\" \/>\n<meta name=\"twitter:label1\" content=\"Gesch\u00e4tzte Lesezeit\" \/>\n\t<meta name=\"twitter:data1\" content=\"1\u00a0Minute\" \/>\n<!-- \/ Yoast SEO plugin. -->","yoast_head_json":{"title":"Steuerungssysteme - TechPoint Group","robots":{"index":"index","follow":"follow","max-snippet":"max-snippet:-1","max-image-preview":"max-image-preview:large","max-video-preview":"max-video-preview:-1"},"canonical":"https:\/\/www.techpointgroup.eu\/de\/betriebssysteme\/","og_locale":"de_DE","og_type":"article","og_title":"Steuerungssysteme - TechPoint Group","og_description":"Steuerungssysteme Suchen Sie eine Maschinensteuerung f\u00fcr Ihr Unternehmen? TechPoint Group B.V. gestaltet, baut und installiert Ihre gew\u00fcnschten Maschinensteuerungen. Wir k\u00f6nnen auch verschiedene \u00c4nderungen an Ihren vorhandenen Systemen vornehmen. Dies verhindert, dass Sie v\u00f6llig neue Steuerungssysteme entwickeln, erstellen und installieren m\u00fcssen, wenn Ihre Steuerungssystem nicht mehr funktionieren. \u00a0 Maschinensteuerung in der Softwareentwicklung Sie k\u00f6nnen auch f\u00fcr [&hellip;]","og_url":"https:\/\/www.techpointgroup.eu\/de\/betriebssysteme\/","og_site_name":"TechPoint Group","article_modified_time":"2023-12-13T08:44:52+00:00","og_image":[{"width":1365,"height":2048,"url":"https:\/\/www.techpointgroup.eu\/wp-content\/uploads\/2023\/03\/besturingskast-busturingssyteem.jpg","type":"image\/jpeg"}],"twitter_card":"summary_large_image","twitter_misc":{"Gesch\u00e4tzte Lesezeit":"1\u00a0Minute"},"schema":{"@context":"https:\/\/schema.org","@graph":[{"@type":"WebPage","@id":"https:\/\/www.techpointgroup.eu\/de\/betriebssysteme\/","url":"https:\/\/www.techpointgroup.eu\/de\/betriebssysteme\/","name":"Steuerungssysteme - TechPoint Group","isPartOf":{"@id":"https:\/\/www.techpointgroup.eu\/de\/#website"},"primaryImageOfPage":{"@id":"https:\/\/www.techpointgroup.eu\/de\/betriebssysteme\/#primaryimage"},"image":{"@id":"https:\/\/www.techpointgroup.eu\/de\/betriebssysteme\/#primaryimage"},"thumbnailUrl":"https:\/\/www.techpointgroup.eu\/wp-content\/uploads\/2023\/03\/besturingskast-busturingssyteem.jpg","datePublished":"2022-09-07T13:06:19+00:00","dateModified":"2023-12-13T08:44:52+00:00","inLanguage":"de","potentialAction":[{"@type":"ReadAction","target":["https:\/\/www.techpointgroup.eu\/de\/betriebssysteme\/"]}]},{"@type":"ImageObject","inLanguage":"de","@id":"https:\/\/www.techpointgroup.eu\/de\/betriebssysteme\/#primaryimage","url":"https:\/\/www.techpointgroup.eu\/wp-content\/uploads\/2023\/03\/besturingskast-busturingssyteem.jpg","contentUrl":"https:\/\/www.techpointgroup.eu\/wp-content\/uploads\/2023\/03\/besturingskast-busturingssyteem.jpg","width":1365,"height":2048},{"@type":"WebSite","@id":"https:\/\/www.techpointgroup.eu\/de\/#website","url":"https:\/\/www.techpointgroup.eu\/de\/","name":"TechPoint Group","description":"TechPoint Group","potentialAction":[{"@type":"SearchAction","target":{"@type":"EntryPoint","urlTemplate":"https:\/\/www.techpointgroup.eu\/de\/?s={search_term_string}"},"query-input":{"@type":"PropertyValueSpecification","valueRequired":true,"valueName":"search_term_string"}}],"inLanguage":"de"}]}},"_links":{"self":[{"href":"https:\/\/www.techpointgroup.eu\/de\/wp-json\/wp\/v2\/pages\/701","targetHints":{"allow":["GET"]}}],"collection":[{"href":"https:\/\/www.techpointgroup.eu\/de\/wp-json\/wp\/v2\/pages"}],"about":[{"href":"https:\/\/www.techpointgroup.eu\/de\/wp-json\/wp\/v2\/types\/page"}],"author":[{"embeddable":true,"href":"https:\/\/www.techpointgroup.eu\/de\/wp-json\/wp\/v2\/users\/1"}],"replies":[{"embeddable":true,"href":"https:\/\/www.techpointgroup.eu\/de\/wp-json\/wp\/v2\/comments?post=701"}],"version-history":[{"count":2,"href":"https:\/\/www.techpointgroup.eu\/de\/wp-json\/wp\/v2\/pages\/701\/revisions"}],"predecessor-version":[{"id":1206,"href":"https:\/\/www.techpointgroup.eu\/de\/wp-json\/wp\/v2\/pages\/701\/revisions\/1206"}],"wp:featuredmedia":[{"embeddable":true,"href":"https:\/\/www.techpointgroup.eu\/de\/wp-json\/wp\/v2\/media\/1021"}],"wp:attachment":[{"href":"https:\/\/www.techpointgroup.eu\/de\/wp-json\/wp\/v2\/media?parent=701"}],"curies":[{"name":"wp","href":"https:\/\/api.w.org\/{rel}","templated":true}]}}