{"id":697,"date":"2021-03-18T10:28:04","date_gmt":"2021-03-18T09:28:04","guid":{"rendered":"https:\/\/www.techpointgroup.eu\/losungen\/afzuigsystemen\/"},"modified":"2023-12-13T09:45:34","modified_gmt":"2023-12-13T08:45:34","slug":"absauganlagen","status":"publish","type":"page","link":"https:\/\/www.techpointgroup.eu\/de\/absauganlagen\/","title":{"rendered":"Saugf\u00f6rderer"},"content":{"rendered":"<h2><strong>Saugf\u00f6rderer<\/strong><\/h2>\n<p>Saugf\u00f6rderung kann zum Transport verschiedener Materialien eingesetzt werden. Denken Sie hierbei unter anderem an Pulver, Granulat oder Pellets. Wir stellen Saugf\u00f6rderer in der Gr\u00f6\u00dfe her, die am besten zu Ihrem Unternehmen passt. Der Einsatz eines Saugf\u00f6rderers ist ein schneller und sicherer Weg, Material zu transportieren.<\/p>\n<p>&nbsp;<\/p>\n<h2><strong>Wann ist der Saugf\u00f6rderer geeignet?<\/strong><\/h2>\n<p>Da das System nicht aus gro\u00dfen mechanischen Teilen besteht, ist der Saugf\u00f6rderer sehr gut f\u00fcr kompakte R\u00e4ume geeignet. Ein Saugf\u00f6rderer besteht aus einem vertikal und\/oder horizontal verlaufenden Rohrsystem. Der Saugf\u00f6rderer saugt das Produkt an und bringt es an den gew\u00fcnschten Ort. Die mitgelieferten Filter sorgen f\u00fcr ein hygienisches und staubfreies System.<\/p>\n<p>Saugf\u00f6rderer sind ideal f\u00fcr den Transport kleiner Mengen. Denken Sie z. B. an Mengen, die nach dem Arbeitsschutzgesetz (Arbowet) einfach zu viel sind, um sie von Hand zu bewegen.<\/p>\n<p>Der Saugf\u00f6rderer ist au\u00dferdem sehr gut geeignet, um gro\u00dfe Mengen zu bewegen. Ziehen Sie Mengen in Betracht, bei denen mechanische F\u00f6rderanlagen (wie Hebeb\u00fchnen und Aufz\u00fcge) zu sehr verschlei\u00dfen oder zu viel Platz beanspruchen.<\/p>\n<p>&nbsp;<\/p>\n<h2><strong>Mehr erfahren?<\/strong><\/h2>\n<p>Sind Sie neugierig auf unserem M\u00f6glichkeiten? Dann wenden Sie sich bitte an einen unserer Spezialisten, der Ihnen gerne weiterhilft und Sie informiert.<\/p>\n<p>&nbsp;<\/p>\n","protected":false},"excerpt":{"rendered":"<p>Saugf\u00f6rderer Saugf\u00f6rderung kann zum Transport verschiedener Materialien eingesetzt werden. Denken Sie hierbei unter anderem an Pulver, Granulat oder Pellets. Wir stellen Saugf\u00f6rderer in der Gr\u00f6\u00dfe her, die am besten zu Ihrem Unternehmen passt. Der Einsatz eines Saugf\u00f6rderers ist ein schneller und sicherer Weg, Material zu transportieren. &nbsp; Wann ist der Saugf\u00f6rderer geeignet? Da das System [&hellip;]<\/p>\n","protected":false},"author":1,"featured_media":0,"parent":0,"menu_order":0,"comment_status":"closed","ping_status":"closed","template":"","meta":{"_acf_changed":false,"_monsterinsights_skip_tracking":false,"_monsterinsights_sitenote_active":false,"_monsterinsights_sitenote_note":"","_monsterinsights_sitenote_category":0,"footnotes":""},"class_list":["post-697","page","type-page","status-publish","hentry"],"acf":[],"yoast_head":"<!-- This site is optimized with the Yoast SEO plugin v26.9 - https:\/\/yoast.com\/product\/yoast-seo-wordpress\/ -->\n<title>Saugf\u00f6rderer - TechPoint Group<\/title>\n<meta name=\"robots\" content=\"index, follow, max-snippet:-1, max-image-preview:large, max-video-preview:-1\" \/>\n<link rel=\"canonical\" href=\"https:\/\/www.techpointgroup.eu\/de\/absauganlagen\/\" \/>\n<meta property=\"og:locale\" content=\"de_DE\" \/>\n<meta property=\"og:type\" content=\"article\" \/>\n<meta property=\"og:title\" content=\"Saugf\u00f6rderer - TechPoint Group\" \/>\n<meta property=\"og:description\" content=\"Saugf\u00f6rderer Saugf\u00f6rderung kann zum Transport verschiedener Materialien eingesetzt werden. Denken Sie hierbei unter anderem an Pulver, Granulat oder Pellets. Wir stellen Saugf\u00f6rderer in der Gr\u00f6\u00dfe her, die am besten zu Ihrem Unternehmen passt. Der Einsatz eines Saugf\u00f6rderers ist ein schneller und sicherer Weg, Material zu transportieren. &nbsp; Wann ist der Saugf\u00f6rderer geeignet? Da das System [&hellip;]\" \/>\n<meta property=\"og:url\" content=\"https:\/\/www.techpointgroup.eu\/de\/absauganlagen\/\" \/>\n<meta property=\"og:site_name\" content=\"TechPoint Group\" \/>\n<meta property=\"article:modified_time\" content=\"2023-12-13T08:45:34+00:00\" \/>\n<meta name=\"twitter:card\" content=\"summary_large_image\" \/>\n<meta name=\"twitter:label1\" content=\"Gesch\u00e4tzte Lesezeit\" \/>\n\t<meta name=\"twitter:data1\" content=\"1\u00a0Minute\" \/>\n<!-- \/ Yoast SEO plugin. -->","yoast_head_json":{"title":"Saugf\u00f6rderer - TechPoint Group","robots":{"index":"index","follow":"follow","max-snippet":"max-snippet:-1","max-image-preview":"max-image-preview:large","max-video-preview":"max-video-preview:-1"},"canonical":"https:\/\/www.techpointgroup.eu\/de\/absauganlagen\/","og_locale":"de_DE","og_type":"article","og_title":"Saugf\u00f6rderer - TechPoint Group","og_description":"Saugf\u00f6rderer Saugf\u00f6rderung kann zum Transport verschiedener Materialien eingesetzt werden. Denken Sie hierbei unter anderem an Pulver, Granulat oder Pellets. Wir stellen Saugf\u00f6rderer in der Gr\u00f6\u00dfe her, die am besten zu Ihrem Unternehmen passt. Der Einsatz eines Saugf\u00f6rderers ist ein schneller und sicherer Weg, Material zu transportieren. &nbsp; Wann ist der Saugf\u00f6rderer geeignet? Da das System [&hellip;]","og_url":"https:\/\/www.techpointgroup.eu\/de\/absauganlagen\/","og_site_name":"TechPoint Group","article_modified_time":"2023-12-13T08:45:34+00:00","twitter_card":"summary_large_image","twitter_misc":{"Gesch\u00e4tzte Lesezeit":"1\u00a0Minute"},"schema":{"@context":"https:\/\/schema.org","@graph":[{"@type":"WebPage","@id":"https:\/\/www.techpointgroup.eu\/de\/absauganlagen\/","url":"https:\/\/www.techpointgroup.eu\/de\/absauganlagen\/","name":"Saugf\u00f6rderer - TechPoint Group","isPartOf":{"@id":"https:\/\/www.techpointgroup.eu\/de\/#website"},"datePublished":"2021-03-18T09:28:04+00:00","dateModified":"2023-12-13T08:45:34+00:00","inLanguage":"de","potentialAction":[{"@type":"ReadAction","target":["https:\/\/www.techpointgroup.eu\/de\/absauganlagen\/"]}]},{"@type":"WebSite","@id":"https:\/\/www.techpointgroup.eu\/de\/#website","url":"https:\/\/www.techpointgroup.eu\/de\/","name":"TechPoint Group","description":"TechPoint Group","potentialAction":[{"@type":"SearchAction","target":{"@type":"EntryPoint","urlTemplate":"https:\/\/www.techpointgroup.eu\/de\/?s={search_term_string}"},"query-input":{"@type":"PropertyValueSpecification","valueRequired":true,"valueName":"search_term_string"}}],"inLanguage":"de"}]}},"_links":{"self":[{"href":"https:\/\/www.techpointgroup.eu\/de\/wp-json\/wp\/v2\/pages\/697","targetHints":{"allow":["GET"]}}],"collection":[{"href":"https:\/\/www.techpointgroup.eu\/de\/wp-json\/wp\/v2\/pages"}],"about":[{"href":"https:\/\/www.techpointgroup.eu\/de\/wp-json\/wp\/v2\/types\/page"}],"author":[{"embeddable":true,"href":"https:\/\/www.techpointgroup.eu\/de\/wp-json\/wp\/v2\/users\/1"}],"replies":[{"embeddable":true,"href":"https:\/\/www.techpointgroup.eu\/de\/wp-json\/wp\/v2\/comments?post=697"}],"version-history":[{"count":2,"href":"https:\/\/www.techpointgroup.eu\/de\/wp-json\/wp\/v2\/pages\/697\/revisions"}],"predecessor-version":[{"id":1207,"href":"https:\/\/www.techpointgroup.eu\/de\/wp-json\/wp\/v2\/pages\/697\/revisions\/1207"}],"wp:attachment":[{"href":"https:\/\/www.techpointgroup.eu\/de\/wp-json\/wp\/v2\/media?parent=697"}],"curies":[{"name":"wp","href":"https:\/\/api.w.org\/{rel}","templated":true}]}}