{"id":693,"date":"2018-05-04T12:04:02","date_gmt":"2018-05-04T10:04:02","guid":{"rendered":"https:\/\/www.techpointgroup.eu\/over-ons\/"},"modified":"2023-12-13T10:00:03","modified_gmt":"2023-12-13T09:00:03","slug":"uber-uns","status":"publish","type":"page","link":"https:\/\/www.techpointgroup.eu\/de\/uber-uns\/","title":{"rendered":"\u00dcber uns"},"content":{"rendered":"<h2><strong>Full-Service-Unternehmen<\/strong><\/h2>\n<p>Die TechPoint Group B.V. verf\u00fcgt \u00fcber mehr als 20 Jahre Erfahrung in der Anlagentechnik in den Bereichen Landwirtschaft, Industrie und Lebensmittelverarbeitung. Unsere St\u00e4rke liegt in der Tatsache, dass wir ein Full-Service-Unternehmen sind. So bieten wir sowohl die Planung als auch den Bau von technischen Anlagen f\u00fcr Reststr\u00f6me im landwirtschaftlichen, industriellen und lebensmittelverarbeitenden Sektor an.<\/p>\n<p>Vom Entwurf und der Konstruktion bis zur schl\u00fcsselfertigen Lieferung der Maschinen und Anlagen wird alles im Haus erledigt. Dies hat uns zu einem wichtigen Glied in den Kreislaufketten gemacht. Dies gelingt durch Technik und L\u00f6sungen wie z. B.:<\/p>\n<ul>\n<li><a href=\"https:\/\/www.techpointgroup.eu\/de\/transportschnecken\/\">Transportschnecken<\/a><\/li>\n<li><a href=\"https:\/\/www.techpointgroup.eu\/de\/foerderbaender\/\">F\u00f6rderb\u00e4nder<\/a><\/li>\n<li><a href=\"https:\/\/www.techpointgroup.eu\/de\/kipper\/\">Kipper<\/a><\/li>\n<li><a href=\"https:\/\/www.techpointgroup.eu\/de\/shredder\/\">Industrielle H\u00e4cksler<\/a><\/li>\n<li><a href=\"https:\/\/www.techpointgroup.eu\/de\/betriebssysteme\/\">Steuerungssysteme<\/a><\/li>\n<li><a href=\"https:\/\/www.techpointgroup.eu\/de\/uber-uns\/\">Komplette Reststoffstromanlagen<\/a><\/li>\n<\/ul>\n<p>&nbsp;<\/p>\n<h2><strong>Wartung &amp; Service<\/strong><\/h2>\n<p>Wir bieten unseren Kunden auch einen <a href=\"https:\/\/www.techpointgroup.eu\/de\/wartung-service\/\">Wartungs- und Servicevertrag<\/a> an, der eine Mischung aus regelm\u00e4\u00dfigen Inspektionen, vorbeugender Wartung und Fehlerbehebung durch Konsignationsdienste umfasst. Unser Expertenteam sorgt daf\u00fcr, dass Sie bei der Verwaltung und Wartung Ihrer Anlagen entlastet und beraten werden. Unser Einsatzgebiet umfasst die Niederlande, Belgien, Deutschland und Frankreich.<\/p>\n<p>&nbsp;<\/p>\n<h2><strong>Maschinenbau<\/strong><\/h2>\n<p>In enger Zusammenarbeit mit dem Kunden wird ein Anforderungspaket erstellt, das als Ausgangspunkt f\u00fcr das Projekt dient. Dann entwickeln unsere Ingenieure einzigartige L\u00f6sungen f\u00fcr die technischen Probleme unserer Kunden.<\/p>\n<p>&nbsp;<\/p>\n<h2><strong>Schl\u00fcsselfertig<\/strong><\/h2>\n<p>Wir f\u00fchren den Entwurf, die Konstruktion, die Installation, die <a href=\"https:\/\/www.techpointgroup.eu\/de\/wartung-service\/\">Wartung und den Service<\/a> der Maschinen und Anlagen im Haus durch und k\u00f6nnen schl\u00fcsselfertig abliefern.<\/p>\n<p>Die TechPoint Group B.V. kann auch einen Mehrwert f\u00fcr Ihre vorhandenen Maschinen und Anlagen bedeuten. Zum Beispiel, indem Sie einen Wartungsplan erstellen und ausf\u00fchren lassen. Oder wenn Sie bestehende Maschinen und Anlagen umgestalten.<\/p>\n<p>&nbsp;<\/p>\n<h2><strong>Ma\u00dfgeschneiderte Gesamtl\u00f6sung<\/strong><\/h2>\n<p>Wir unterst\u00fctzen Ihr Unternehmen mit Gesamtl\u00f6sungen durch den Bau von Reststoffanlagen, die bis ins Detail auf Ihren Betrieb zugeschnitten sind.<\/p>\n<p>Immer h\u00e4ufiger bitten Kundn der TechPoint Group B.V. um eine technische L\u00f6sung f\u00fcr eine komplette Reststromanlage oder eine andere Anlage zu entwickeln. Hier k\u00f6nnen Sie an eine Anlage zur Verarbeitung von Reststr\u00f6men aus der Lebensmittelindustrie denken.<\/p>\n<p>Inzwischen haben wir effektive und praxisorientierte Komplettl\u00f6sungen entwickelt. Und entwickeln Sie sie weiter.<\/p>\n<p>&nbsp;<\/p>\n<h2><strong>Mehr erfahren?<\/strong><\/h2>\n<p>Sind Sie neugierig auf unserem M\u00f6glichkeiten? Dann wenden Sie sich bitte an einen unserer Spezialisten, der Ihnen gerne weiterhilft und Sie informiert.<\/p>\n","protected":false},"excerpt":{"rendered":"<p>Full-Service-Unternehmen Die TechPoint Group B.V. verf\u00fcgt \u00fcber mehr als 20 Jahre Erfahrung in der Anlagentechnik in den Bereichen Landwirtschaft, Industrie und Lebensmittelverarbeitung. Unsere St\u00e4rke liegt in der Tatsache, dass wir ein Full-Service-Unternehmen sind. So bieten wir sowohl die Planung als auch den Bau von technischen Anlagen f\u00fcr Reststr\u00f6me im landwirtschaftlichen, industriellen und lebensmittelverarbeitenden Sektor an. [&hellip;]<\/p>\n","protected":false},"author":1,"featured_media":778,"parent":0,"menu_order":0,"comment_status":"closed","ping_status":"closed","template":"","meta":{"_acf_changed":false,"_monsterinsights_skip_tracking":false,"_monsterinsights_sitenote_active":false,"_monsterinsights_sitenote_note":"","_monsterinsights_sitenote_category":0,"footnotes":""},"class_list":["post-693","page","type-page","status-publish","has-post-thumbnail","hentry"],"acf":[],"yoast_head":"<!-- This site is optimized with the Yoast SEO plugin v26.9 - https:\/\/yoast.com\/product\/yoast-seo-wordpress\/ -->\n<title>\u00dcber uns - TechPoint Group<\/title>\n<meta name=\"robots\" content=\"index, follow, max-snippet:-1, max-image-preview:large, max-video-preview:-1\" \/>\n<link rel=\"canonical\" href=\"https:\/\/www.techpointgroup.eu\/de\/uber-uns\/\" \/>\n<meta property=\"og:locale\" content=\"de_DE\" \/>\n<meta property=\"og:type\" content=\"article\" \/>\n<meta property=\"og:title\" content=\"\u00dcber uns - TechPoint Group\" \/>\n<meta property=\"og:description\" content=\"Full-Service-Unternehmen Die TechPoint Group B.V. verf\u00fcgt \u00fcber mehr als 20 Jahre Erfahrung in der Anlagentechnik in den Bereichen Landwirtschaft, Industrie und Lebensmittelverarbeitung. Unsere St\u00e4rke liegt in der Tatsache, dass wir ein Full-Service-Unternehmen sind. So bieten wir sowohl die Planung als auch den Bau von technischen Anlagen f\u00fcr Reststr\u00f6me im landwirtschaftlichen, industriellen und lebensmittelverarbeitenden Sektor an. [&hellip;]\" \/>\n<meta property=\"og:url\" content=\"https:\/\/www.techpointgroup.eu\/de\/uber-uns\/\" \/>\n<meta property=\"og:site_name\" content=\"TechPoint Group\" \/>\n<meta property=\"article:modified_time\" content=\"2023-12-13T09:00:03+00:00\" \/>\n<meta property=\"og:image\" content=\"https:\/\/www.techpointgroup.eu\/wp-content\/uploads\/2022\/10\/TechPoint-Group-B.V.-1.jpeg\" \/>\n\t<meta property=\"og:image:width\" content=\"1600\" \/>\n\t<meta property=\"og:image:height\" content=\"915\" \/>\n\t<meta property=\"og:image:type\" content=\"image\/jpeg\" \/>\n<meta name=\"twitter:card\" content=\"summary_large_image\" \/>\n<meta name=\"twitter:label1\" content=\"Gesch\u00e4tzte Lesezeit\" \/>\n\t<meta name=\"twitter:data1\" content=\"2\u00a0Minuten\" \/>\n<!-- \/ Yoast SEO plugin. -->","yoast_head_json":{"title":"\u00dcber uns - TechPoint Group","robots":{"index":"index","follow":"follow","max-snippet":"max-snippet:-1","max-image-preview":"max-image-preview:large","max-video-preview":"max-video-preview:-1"},"canonical":"https:\/\/www.techpointgroup.eu\/de\/uber-uns\/","og_locale":"de_DE","og_type":"article","og_title":"\u00dcber uns - TechPoint Group","og_description":"Full-Service-Unternehmen Die TechPoint Group B.V. verf\u00fcgt \u00fcber mehr als 20 Jahre Erfahrung in der Anlagentechnik in den Bereichen Landwirtschaft, Industrie und Lebensmittelverarbeitung. Unsere St\u00e4rke liegt in der Tatsache, dass wir ein Full-Service-Unternehmen sind. So bieten wir sowohl die Planung als auch den Bau von technischen Anlagen f\u00fcr Reststr\u00f6me im landwirtschaftlichen, industriellen und lebensmittelverarbeitenden Sektor an. [&hellip;]","og_url":"https:\/\/www.techpointgroup.eu\/de\/uber-uns\/","og_site_name":"TechPoint Group","article_modified_time":"2023-12-13T09:00:03+00:00","og_image":[{"width":1600,"height":915,"url":"https:\/\/www.techpointgroup.eu\/wp-content\/uploads\/2022\/10\/TechPoint-Group-B.V.-1.jpeg","type":"image\/jpeg"}],"twitter_card":"summary_large_image","twitter_misc":{"Gesch\u00e4tzte Lesezeit":"2\u00a0Minuten"},"schema":{"@context":"https:\/\/schema.org","@graph":[{"@type":"WebPage","@id":"https:\/\/www.techpointgroup.eu\/de\/uber-uns\/","url":"https:\/\/www.techpointgroup.eu\/de\/uber-uns\/","name":"\u00dcber uns - TechPoint Group","isPartOf":{"@id":"https:\/\/www.techpointgroup.eu\/de\/#website"},"primaryImageOfPage":{"@id":"https:\/\/www.techpointgroup.eu\/de\/uber-uns\/#primaryimage"},"image":{"@id":"https:\/\/www.techpointgroup.eu\/de\/uber-uns\/#primaryimage"},"thumbnailUrl":"https:\/\/www.techpointgroup.eu\/wp-content\/uploads\/2022\/10\/TechPoint-Group-B.V.-1.jpeg","datePublished":"2018-05-04T10:04:02+00:00","dateModified":"2023-12-13T09:00:03+00:00","inLanguage":"de","potentialAction":[{"@type":"ReadAction","target":["https:\/\/www.techpointgroup.eu\/de\/uber-uns\/"]}]},{"@type":"ImageObject","inLanguage":"de","@id":"https:\/\/www.techpointgroup.eu\/de\/uber-uns\/#primaryimage","url":"https:\/\/www.techpointgroup.eu\/wp-content\/uploads\/2022\/10\/TechPoint-Group-B.V.-1.jpeg","contentUrl":"https:\/\/www.techpointgroup.eu\/wp-content\/uploads\/2022\/10\/TechPoint-Group-B.V.-1.jpeg","width":1600,"height":915},{"@type":"WebSite","@id":"https:\/\/www.techpointgroup.eu\/de\/#website","url":"https:\/\/www.techpointgroup.eu\/de\/","name":"TechPoint Group","description":"TechPoint Group","potentialAction":[{"@type":"SearchAction","target":{"@type":"EntryPoint","urlTemplate":"https:\/\/www.techpointgroup.eu\/de\/?s={search_term_string}"},"query-input":{"@type":"PropertyValueSpecification","valueRequired":true,"valueName":"search_term_string"}}],"inLanguage":"de"}]}},"_links":{"self":[{"href":"https:\/\/www.techpointgroup.eu\/de\/wp-json\/wp\/v2\/pages\/693","targetHints":{"allow":["GET"]}}],"collection":[{"href":"https:\/\/www.techpointgroup.eu\/de\/wp-json\/wp\/v2\/pages"}],"about":[{"href":"https:\/\/www.techpointgroup.eu\/de\/wp-json\/wp\/v2\/types\/page"}],"author":[{"embeddable":true,"href":"https:\/\/www.techpointgroup.eu\/de\/wp-json\/wp\/v2\/users\/1"}],"replies":[{"embeddable":true,"href":"https:\/\/www.techpointgroup.eu\/de\/wp-json\/wp\/v2\/comments?post=693"}],"version-history":[{"count":4,"href":"https:\/\/www.techpointgroup.eu\/de\/wp-json\/wp\/v2\/pages\/693\/revisions"}],"predecessor-version":[{"id":1216,"href":"https:\/\/www.techpointgroup.eu\/de\/wp-json\/wp\/v2\/pages\/693\/revisions\/1216"}],"wp:featuredmedia":[{"embeddable":true,"href":"https:\/\/www.techpointgroup.eu\/de\/wp-json\/wp\/v2\/media\/778"}],"wp:attachment":[{"href":"https:\/\/www.techpointgroup.eu\/de\/wp-json\/wp\/v2\/media?parent=693"}],"curies":[{"name":"wp","href":"https:\/\/api.w.org\/{rel}","templated":true}]}}