{"id":685,"date":"2021-03-18T10:27:27","date_gmt":"2021-03-18T09:27:27","guid":{"rendered":"https:\/\/www.techpointgroup.eu\/losungen\/transportvijzels\/"},"modified":"2023-12-13T10:23:53","modified_gmt":"2023-12-13T09:23:53","slug":"transportschnecken","status":"publish","type":"page","link":"https:\/\/www.techpointgroup.eu\/de\/transportschnecken\/","title":{"rendered":"Trogschnecken"},"content":{"rendered":"<h2><strong>Trogschnecken nach Ma\u00df<\/strong><\/h2>\n<p>Ma\u00dfgefertigte Trogschnecke entwickelt von TechPoint Group B.V. Wir bieten Trogschnecken in verschiedenen Gr\u00f6\u00dfen, Formen und in den unterschiedlichen Materialien an, die Sie als Kunde ben\u00f6tigen. Die TechPoint Group B.V. denkt gerne mit Ihnen mit und gibt Ihnen fundierte Ratschl\u00e4ge f\u00fcr den Materialeinsatz.<\/p>\n<p>&nbsp;<\/p>\n<h2><strong>Doppelte Trogschnecke<\/strong><\/h2>\n<p>Wenn Sie wenig Platz haben oder einfach nur Platz sparen wollen, entscheiden Sie sich f\u00fcr eine doppelte Trogschnecke. Unsere Trogschnecke ist modular aufgebaut. Dieses System ist einfach, schnell und erm\u00f6glicht es Ihnen, die Trogschnecke an Ihren Platz anzupassen. Andere W\u00fcnsche? Die Trogschnecke kann vollst\u00e4ndig individuell gestaltet werden.<\/p>\n<p>&nbsp;<\/p>\n<h2><strong>Mehr erfahren?<\/strong><\/h2>\n<p>Sind Sie neugierig auf unserem M\u00f6glichkeiten? Dann wenden Sie sich bitte an einen unserer Spezialisten, der Ihnen gerne weiterhilft und Sie informiert.<\/p>\n","protected":false},"excerpt":{"rendered":"<p>Trogschnecken nach Ma\u00df Ma\u00dfgefertigte Trogschnecke entwickelt von TechPoint Group B.V. Wir bieten Trogschnecken in verschiedenen Gr\u00f6\u00dfen, Formen und in den unterschiedlichen Materialien an, die Sie als Kunde ben\u00f6tigen. Die TechPoint Group B.V. denkt gerne mit Ihnen mit und gibt Ihnen fundierte Ratschl\u00e4ge f\u00fcr den Materialeinsatz. &nbsp; Doppelte Trogschnecke Wenn Sie wenig Platz haben oder einfach [&hellip;]<\/p>\n","protected":false},"author":1,"featured_media":1017,"parent":0,"menu_order":0,"comment_status":"closed","ping_status":"closed","template":"","meta":{"_acf_changed":false,"_monsterinsights_skip_tracking":false,"_monsterinsights_sitenote_active":false,"_monsterinsights_sitenote_note":"","_monsterinsights_sitenote_category":0,"footnotes":""},"class_list":["post-685","page","type-page","status-publish","has-post-thumbnail","hentry"],"acf":[],"yoast_head":"<!-- This site is optimized with the Yoast SEO plugin v26.9 - https:\/\/yoast.com\/product\/yoast-seo-wordpress\/ -->\n<title>Trogschnecken - TechPoint Group<\/title>\n<meta name=\"robots\" content=\"index, follow, max-snippet:-1, max-image-preview:large, max-video-preview:-1\" \/>\n<link rel=\"canonical\" href=\"https:\/\/www.techpointgroup.eu\/de\/transportschnecken\/\" \/>\n<meta property=\"og:locale\" content=\"de_DE\" \/>\n<meta property=\"og:type\" content=\"article\" \/>\n<meta property=\"og:title\" content=\"Trogschnecken - TechPoint Group\" \/>\n<meta property=\"og:description\" content=\"Trogschnecken nach Ma\u00df Ma\u00dfgefertigte Trogschnecke entwickelt von TechPoint Group B.V. Wir bieten Trogschnecken in verschiedenen Gr\u00f6\u00dfen, Formen und in den unterschiedlichen Materialien an, die Sie als Kunde ben\u00f6tigen. Die TechPoint Group B.V. denkt gerne mit Ihnen mit und gibt Ihnen fundierte Ratschl\u00e4ge f\u00fcr den Materialeinsatz. &nbsp; Doppelte Trogschnecke Wenn Sie wenig Platz haben oder einfach [&hellip;]\" \/>\n<meta property=\"og:url\" content=\"https:\/\/www.techpointgroup.eu\/de\/transportschnecken\/\" \/>\n<meta property=\"og:site_name\" content=\"TechPoint Group\" \/>\n<meta property=\"article:modified_time\" content=\"2023-12-13T09:23:53+00:00\" \/>\n<meta property=\"og:image\" content=\"https:\/\/www.techpointgroup.eu\/wp-content\/uploads\/2023\/03\/Kantelaar-techpointgroup-maatwerk-intallatie.jpeg\" \/>\n\t<meta property=\"og:image:width\" content=\"2048\" \/>\n\t<meta property=\"og:image:height\" content=\"1536\" \/>\n\t<meta property=\"og:image:type\" content=\"image\/jpeg\" \/>\n<meta name=\"twitter:card\" content=\"summary_large_image\" \/>\n<meta name=\"twitter:label1\" content=\"Gesch\u00e4tzte Lesezeit\" \/>\n\t<meta name=\"twitter:data1\" content=\"1\u00a0Minute\" \/>\n<!-- \/ Yoast SEO plugin. -->","yoast_head_json":{"title":"Trogschnecken - TechPoint Group","robots":{"index":"index","follow":"follow","max-snippet":"max-snippet:-1","max-image-preview":"max-image-preview:large","max-video-preview":"max-video-preview:-1"},"canonical":"https:\/\/www.techpointgroup.eu\/de\/transportschnecken\/","og_locale":"de_DE","og_type":"article","og_title":"Trogschnecken - TechPoint Group","og_description":"Trogschnecken nach Ma\u00df Ma\u00dfgefertigte Trogschnecke entwickelt von TechPoint Group B.V. Wir bieten Trogschnecken in verschiedenen Gr\u00f6\u00dfen, Formen und in den unterschiedlichen Materialien an, die Sie als Kunde ben\u00f6tigen. Die TechPoint Group B.V. denkt gerne mit Ihnen mit und gibt Ihnen fundierte Ratschl\u00e4ge f\u00fcr den Materialeinsatz. &nbsp; Doppelte Trogschnecke Wenn Sie wenig Platz haben oder einfach [&hellip;]","og_url":"https:\/\/www.techpointgroup.eu\/de\/transportschnecken\/","og_site_name":"TechPoint Group","article_modified_time":"2023-12-13T09:23:53+00:00","og_image":[{"width":2048,"height":1536,"url":"https:\/\/www.techpointgroup.eu\/wp-content\/uploads\/2023\/03\/Kantelaar-techpointgroup-maatwerk-intallatie.jpeg","type":"image\/jpeg"}],"twitter_card":"summary_large_image","twitter_misc":{"Gesch\u00e4tzte Lesezeit":"1\u00a0Minute"},"schema":{"@context":"https:\/\/schema.org","@graph":[{"@type":"WebPage","@id":"https:\/\/www.techpointgroup.eu\/de\/transportschnecken\/","url":"https:\/\/www.techpointgroup.eu\/de\/transportschnecken\/","name":"Trogschnecken - TechPoint Group","isPartOf":{"@id":"https:\/\/www.techpointgroup.eu\/de\/#website"},"primaryImageOfPage":{"@id":"https:\/\/www.techpointgroup.eu\/de\/transportschnecken\/#primaryimage"},"image":{"@id":"https:\/\/www.techpointgroup.eu\/de\/transportschnecken\/#primaryimage"},"thumbnailUrl":"https:\/\/www.techpointgroup.eu\/wp-content\/uploads\/2023\/03\/Kantelaar-techpointgroup-maatwerk-intallatie.jpeg","datePublished":"2021-03-18T09:27:27+00:00","dateModified":"2023-12-13T09:23:53+00:00","inLanguage":"de","potentialAction":[{"@type":"ReadAction","target":["https:\/\/www.techpointgroup.eu\/de\/transportschnecken\/"]}]},{"@type":"ImageObject","inLanguage":"de","@id":"https:\/\/www.techpointgroup.eu\/de\/transportschnecken\/#primaryimage","url":"https:\/\/www.techpointgroup.eu\/wp-content\/uploads\/2023\/03\/Kantelaar-techpointgroup-maatwerk-intallatie.jpeg","contentUrl":"https:\/\/www.techpointgroup.eu\/wp-content\/uploads\/2023\/03\/Kantelaar-techpointgroup-maatwerk-intallatie.jpeg","width":2048,"height":1536},{"@type":"WebSite","@id":"https:\/\/www.techpointgroup.eu\/de\/#website","url":"https:\/\/www.techpointgroup.eu\/de\/","name":"TechPoint Group","description":"TechPoint Group","potentialAction":[{"@type":"SearchAction","target":{"@type":"EntryPoint","urlTemplate":"https:\/\/www.techpointgroup.eu\/de\/?s={search_term_string}"},"query-input":{"@type":"PropertyValueSpecification","valueRequired":true,"valueName":"search_term_string"}}],"inLanguage":"de"}]}},"_links":{"self":[{"href":"https:\/\/www.techpointgroup.eu\/de\/wp-json\/wp\/v2\/pages\/685","targetHints":{"allow":["GET"]}}],"collection":[{"href":"https:\/\/www.techpointgroup.eu\/de\/wp-json\/wp\/v2\/pages"}],"about":[{"href":"https:\/\/www.techpointgroup.eu\/de\/wp-json\/wp\/v2\/types\/page"}],"author":[{"embeddable":true,"href":"https:\/\/www.techpointgroup.eu\/de\/wp-json\/wp\/v2\/users\/1"}],"replies":[{"embeddable":true,"href":"https:\/\/www.techpointgroup.eu\/de\/wp-json\/wp\/v2\/comments?post=685"}],"version-history":[{"count":3,"href":"https:\/\/www.techpointgroup.eu\/de\/wp-json\/wp\/v2\/pages\/685\/revisions"}],"predecessor-version":[{"id":1236,"href":"https:\/\/www.techpointgroup.eu\/de\/wp-json\/wp\/v2\/pages\/685\/revisions\/1236"}],"wp:featuredmedia":[{"embeddable":true,"href":"https:\/\/www.techpointgroup.eu\/de\/wp-json\/wp\/v2\/media\/1017"}],"wp:attachment":[{"href":"https:\/\/www.techpointgroup.eu\/de\/wp-json\/wp\/v2\/media?parent=685"}],"curies":[{"name":"wp","href":"https:\/\/api.w.org\/{rel}","templated":true}]}}