{"id":1209,"date":"2023-12-04T12:26:12","date_gmt":"2023-12-04T11:26:12","guid":{"rendered":"https:\/\/www.techpointgroup.eu\/?page_id=1209"},"modified":"2023-12-13T10:03:44","modified_gmt":"2023-12-13T09:03:44","slug":"verkaufsstelle-ditoil","status":"publish","type":"page","link":"https:\/\/www.techpointgroup.eu\/de\/verkaufsstelle-ditoil\/","title":{"rendered":"Verkaufsstelle DiTOIL"},"content":{"rendered":"<h2><strong>DiTOIL<\/strong><\/h2>\n<p>DiTOIL ist ein niederl\u00e4ndischer Hersteller von industriellen Schmierstoffen und Additiven. Alle Produkte des Sortiments sind bei TechPoint Group B.V. erh\u00e4ltlich!<\/p>\n<p>&nbsp;<\/p>\n<h2>Funktionsweise<\/h2>\n<p><strong>umfasst aus den folgenden Eigenschaften:<\/strong><\/p>\n<p>&nbsp;<\/p>\n<h2><strong>Weniger Reibung<\/strong><\/h2>\n<p><strong>DiTOiL bietet eine Filmbeschichtung auf allen rotierenden oder gleitenden Metallteilen.<\/strong><\/p>\n<p>Diese Filmschicht ist zu 100% petrochemisch und hat extrem hohe Belastungseigenschaften. Dadurch k\u00f6nnen die Metallteile leichter \u00fcber- oder aneinander vorbeigleiten. Dies f\u00fchrt zu einem geringeren Energieverbrauch, h\u00f6herer Leistung, geringerer W\u00e4rmeentwicklung und geringerem Verschlei\u00df.<\/p>\n<p>&nbsp;<\/p>\n<h2><strong>Starke Adh\u00e4sion<\/strong><\/h2>\n<p><strong>Ein Schmiermittel kann seine Aufgabe nur erf\u00fcllen, wenn es dort bleibt, wo wir es haben wollen.<\/strong><\/p>\n<p>Eine st\u00e4rkere Haftung erfordert andere Eigenschaften unserer Produkte:<\/p>\n<p>&nbsp;<\/p>\n<ul>\n<li>Es sollte wenig empfindlich gegen\u00fcber (extrem) hei\u00dfen oder kalten Bedingungen sein.<\/li>\n<li>Eine hohe Resistenz gegen Salze oder S\u00e4uren in der Betriebsumgebung aufweisen.<\/li>\n<li>Verh\u00e4lt sich stabil mit anderen Produkten, ohne sich abzusetzen oder zu verklumpen.<\/li>\n<li>Minimieren Sie die Auslaugung durch Fl\u00fcssigkeiten oder Gase.<\/li>\n<\/ul>\n<p>&nbsp;<\/p>\n<h2><strong>Hohe Punktbelastung<\/strong><\/h2>\n<p><strong>Unter normalen Umst\u00e4nden geht in der Regel alles gut.<\/strong><\/p>\n<p>Wenn die Dinge extremer werden, k\u00f6nnen die internen Belastungen exponentiell ansteigen. Extrem hohe Dr\u00fccke, die oft kurzlebig und lokal begrenzt sind, erzeugen \u00fcberm\u00e4\u00dfige \u201ePunktdruck\u201c-Belastungen. Auf lange Sicht wird dies zu Sch\u00e4den f\u00fchren und ist f\u00fcr jede Maschine katastrophal. DiTOIL bietet eine Filmschicht, die um den Faktor 10 st\u00e4rker ist als herk\u00f6mmliche oder vom Hersteller vorgeschriebene Schmiermittel.<\/p>\n<p>&nbsp;<\/p>\n<h2><strong>Wenig ben\u00f6tigt<\/strong><\/h2>\n<p><strong>DiTOIL ist gut, wenig DiTOIL ist besser.<\/strong><\/p>\n<p>Unsere Produkte sind nachhaltig im Gebrauch. Sie reduzieren mindestens um den Faktor 2 in der Nutzung oder Erneuerung. Das bedeutet also, dass Sie garantiert 2 Mal weniger verbrauchen oder auffrischen. Mehrere Kundengruppen berichten, dass wir bis zu 5 oder 7 Mal weniger schmieren. Zumindest sind dies Ergebnisse, bei denen sich die Nachhaltigkeit positiv in Ihrem Geldbeutel niederschl\u00e4gt!<\/p>\n<p>&nbsp;<\/p>\n","protected":false},"excerpt":{"rendered":"<p>DiTOIL DiTOIL ist ein niederl\u00e4ndischer Hersteller von industriellen Schmierstoffen und Additiven. Alle Produkte des Sortiments sind bei TechPoint Group B.V. erh\u00e4ltlich! &nbsp; Funktionsweise umfasst aus den folgenden Eigenschaften: &nbsp; Weniger Reibung DiTOiL bietet eine Filmbeschichtung auf allen rotierenden oder gleitenden Metallteilen. Diese Filmschicht ist zu 100% petrochemisch und hat extrem hohe Belastungseigenschaften. Dadurch k\u00f6nnen die [&hellip;]<\/p>\n","protected":false},"author":2,"featured_media":1142,"parent":0,"menu_order":0,"comment_status":"closed","ping_status":"closed","template":"","meta":{"_acf_changed":false,"_monsterinsights_skip_tracking":false,"_monsterinsights_sitenote_active":false,"_monsterinsights_sitenote_note":"","_monsterinsights_sitenote_category":0,"footnotes":""},"class_list":["post-1209","page","type-page","status-publish","has-post-thumbnail","hentry"],"acf":[],"yoast_head":"<!-- This site is optimized with the Yoast SEO plugin v26.9 - https:\/\/yoast.com\/product\/yoast-seo-wordpress\/ -->\n<title>Verkaufsstelle DiTOIL - TechPoint Group<\/title>\n<meta name=\"robots\" content=\"index, follow, max-snippet:-1, max-image-preview:large, max-video-preview:-1\" \/>\n<link rel=\"canonical\" href=\"https:\/\/www.techpointgroup.eu\/de\/verkaufsstelle-ditoil\/\" \/>\n<meta property=\"og:locale\" content=\"de_DE\" \/>\n<meta property=\"og:type\" content=\"article\" \/>\n<meta property=\"og:title\" content=\"Verkaufsstelle DiTOIL - TechPoint Group\" \/>\n<meta property=\"og:description\" content=\"DiTOIL DiTOIL ist ein niederl\u00e4ndischer Hersteller von industriellen Schmierstoffen und Additiven. Alle Produkte des Sortiments sind bei TechPoint Group B.V. erh\u00e4ltlich! &nbsp; Funktionsweise umfasst aus den folgenden Eigenschaften: &nbsp; Weniger Reibung DiTOiL bietet eine Filmbeschichtung auf allen rotierenden oder gleitenden Metallteilen. Diese Filmschicht ist zu 100% petrochemisch und hat extrem hohe Belastungseigenschaften. Dadurch k\u00f6nnen die [&hellip;]\" \/>\n<meta property=\"og:url\" content=\"https:\/\/www.techpointgroup.eu\/de\/verkaufsstelle-ditoil\/\" \/>\n<meta property=\"og:site_name\" content=\"TechPoint Group\" \/>\n<meta property=\"article:modified_time\" content=\"2023-12-13T09:03:44+00:00\" \/>\n<meta property=\"og:image\" content=\"https:\/\/www.techpointgroup.eu\/wp-content\/uploads\/2023\/12\/DiTOIL.jpg\" \/>\n\t<meta property=\"og:image:width\" content=\"1000\" \/>\n\t<meta property=\"og:image:height\" content=\"621\" \/>\n\t<meta property=\"og:image:type\" content=\"image\/jpeg\" \/>\n<meta name=\"twitter:card\" content=\"summary_large_image\" \/>\n<meta name=\"twitter:label1\" content=\"Gesch\u00e4tzte Lesezeit\" \/>\n\t<meta name=\"twitter:data1\" content=\"2\u00a0Minuten\" \/>\n<!-- \/ Yoast SEO plugin. -->","yoast_head_json":{"title":"Verkaufsstelle DiTOIL - TechPoint Group","robots":{"index":"index","follow":"follow","max-snippet":"max-snippet:-1","max-image-preview":"max-image-preview:large","max-video-preview":"max-video-preview:-1"},"canonical":"https:\/\/www.techpointgroup.eu\/de\/verkaufsstelle-ditoil\/","og_locale":"de_DE","og_type":"article","og_title":"Verkaufsstelle DiTOIL - TechPoint Group","og_description":"DiTOIL DiTOIL ist ein niederl\u00e4ndischer Hersteller von industriellen Schmierstoffen und Additiven. Alle Produkte des Sortiments sind bei TechPoint Group B.V. erh\u00e4ltlich! &nbsp; Funktionsweise umfasst aus den folgenden Eigenschaften: &nbsp; Weniger Reibung DiTOiL bietet eine Filmbeschichtung auf allen rotierenden oder gleitenden Metallteilen. Diese Filmschicht ist zu 100% petrochemisch und hat extrem hohe Belastungseigenschaften. Dadurch k\u00f6nnen die [&hellip;]","og_url":"https:\/\/www.techpointgroup.eu\/de\/verkaufsstelle-ditoil\/","og_site_name":"TechPoint Group","article_modified_time":"2023-12-13T09:03:44+00:00","og_image":[{"width":1000,"height":621,"url":"https:\/\/www.techpointgroup.eu\/wp-content\/uploads\/2023\/12\/DiTOIL.jpg","type":"image\/jpeg"}],"twitter_card":"summary_large_image","twitter_misc":{"Gesch\u00e4tzte Lesezeit":"2\u00a0Minuten"},"schema":{"@context":"https:\/\/schema.org","@graph":[{"@type":"WebPage","@id":"https:\/\/www.techpointgroup.eu\/de\/verkaufsstelle-ditoil\/","url":"https:\/\/www.techpointgroup.eu\/de\/verkaufsstelle-ditoil\/","name":"Verkaufsstelle DiTOIL - TechPoint Group","isPartOf":{"@id":"https:\/\/www.techpointgroup.eu\/de\/#website"},"primaryImageOfPage":{"@id":"https:\/\/www.techpointgroup.eu\/de\/verkaufsstelle-ditoil\/#primaryimage"},"image":{"@id":"https:\/\/www.techpointgroup.eu\/de\/verkaufsstelle-ditoil\/#primaryimage"},"thumbnailUrl":"https:\/\/www.techpointgroup.eu\/wp-content\/uploads\/2023\/12\/DiTOIL.jpg","datePublished":"2023-12-04T11:26:12+00:00","dateModified":"2023-12-13T09:03:44+00:00","inLanguage":"de","potentialAction":[{"@type":"ReadAction","target":["https:\/\/www.techpointgroup.eu\/de\/verkaufsstelle-ditoil\/"]}]},{"@type":"ImageObject","inLanguage":"de","@id":"https:\/\/www.techpointgroup.eu\/de\/verkaufsstelle-ditoil\/#primaryimage","url":"https:\/\/www.techpointgroup.eu\/wp-content\/uploads\/2023\/12\/DiTOIL.jpg","contentUrl":"https:\/\/www.techpointgroup.eu\/wp-content\/uploads\/2023\/12\/DiTOIL.jpg","width":1000,"height":621},{"@type":"WebSite","@id":"https:\/\/www.techpointgroup.eu\/de\/#website","url":"https:\/\/www.techpointgroup.eu\/de\/","name":"TechPoint Group","description":"TechPoint Group","potentialAction":[{"@type":"SearchAction","target":{"@type":"EntryPoint","urlTemplate":"https:\/\/www.techpointgroup.eu\/de\/?s={search_term_string}"},"query-input":{"@type":"PropertyValueSpecification","valueRequired":true,"valueName":"search_term_string"}}],"inLanguage":"de"}]}},"_links":{"self":[{"href":"https:\/\/www.techpointgroup.eu\/de\/wp-json\/wp\/v2\/pages\/1209","targetHints":{"allow":["GET"]}}],"collection":[{"href":"https:\/\/www.techpointgroup.eu\/de\/wp-json\/wp\/v2\/pages"}],"about":[{"href":"https:\/\/www.techpointgroup.eu\/de\/wp-json\/wp\/v2\/types\/page"}],"author":[{"embeddable":true,"href":"https:\/\/www.techpointgroup.eu\/de\/wp-json\/wp\/v2\/users\/2"}],"replies":[{"embeddable":true,"href":"https:\/\/www.techpointgroup.eu\/de\/wp-json\/wp\/v2\/comments?post=1209"}],"version-history":[{"count":2,"href":"https:\/\/www.techpointgroup.eu\/de\/wp-json\/wp\/v2\/pages\/1209\/revisions"}],"predecessor-version":[{"id":1218,"href":"https:\/\/www.techpointgroup.eu\/de\/wp-json\/wp\/v2\/pages\/1209\/revisions\/1218"}],"wp:featuredmedia":[{"embeddable":true,"href":"https:\/\/www.techpointgroup.eu\/de\/wp-json\/wp\/v2\/media\/1142"}],"wp:attachment":[{"href":"https:\/\/www.techpointgroup.eu\/de\/wp-json\/wp\/v2\/media?parent=1209"}],"curies":[{"name":"wp","href":"https:\/\/api.w.org\/{rel}","templated":true}]}}