{"id":1204,"date":"2022-10-18T11:31:38","date_gmt":"2022-10-18T09:31:38","guid":{"rendered":"https:\/\/www.techpointgroup.eu\/?page_id=1204"},"modified":"2023-12-13T09:44:09","modified_gmt":"2023-12-13T08:44:09","slug":"foerderbaender","status":"publish","type":"page","link":"https:\/\/www.techpointgroup.eu\/de\/foerderbaender\/","title":{"rendered":"F\u00f6rderb\u00e4nder"},"content":{"rendered":"<h2><strong>F\u00f6rderb\u00e4nder<\/strong><\/h2>\n<p>F\u00f6rderb\u00e4nder transportieren Waren w\u00e4hrend des Produktionsprozesses. Dies k\u00f6nnte die Umplatzierung von Halbfertigprodukten, Fertigprodukten oder Reststr\u00f6men beinhalten. Diese B\u00e4nder werden h\u00e4ufig in der Verpackungs-, Lebensmittel- und Getr\u00e4nkeindustrie eingesetzt.<\/p>\n<p>&nbsp;<\/p>\n<h2><strong>Materialien und Ausf\u00fchrungen<\/strong><\/h2>\n<p>F\u00f6rderb\u00e4nder sind in jeder L\u00e4nge erh\u00e4ltlich und werden von uns ma\u00dfgefertigt. Sie werden aus Polyurethan (PU), Polyvinylchlorid (PVC), Gummi und Polyester hergestellt. Wir k\u00f6nnen diese in verschiedenen Dicken und H\u00e4rten liefern (Sh A).<\/p>\n<p>&nbsp;<\/p>\n<h2><strong>Spezielle L\u00f6sungen<\/strong><\/h2>\n<p>TechPoint Group B.V. sorgt daf\u00fcr, dass Ihre zuverl\u00e4ssigen und schnellen F\u00f6rdersysteme immer in Betrieb bleiben. Daher bieten wir auch Wartung und Service an. Auf diese Weise wird Ihr F\u00f6rdersystem niemals zum Stillstand kommen.<\/p>\n<p>&nbsp;<\/p>\n<h2><strong>Mehr erfahren?<\/strong><\/h2>\n<p>Sind Sie neugierig auf unserem M\u00f6glichkeiten? Dann wenden Sie sich bitte an einen unserer Spezialisten, der Ihnen gerne weiterhilft und Sie informiert.<\/p>\n<p>&nbsp;<\/p>\n<p>&nbsp;<\/p>\n<p>&nbsp;<\/p>\n<p>&nbsp;<\/p>\n","protected":false},"excerpt":{"rendered":"<p>F\u00f6rderb\u00e4nder F\u00f6rderb\u00e4nder transportieren Waren w\u00e4hrend des Produktionsprozesses. Dies k\u00f6nnte die Umplatzierung von Halbfertigprodukten, Fertigprodukten oder Reststr\u00f6men beinhalten. Diese B\u00e4nder werden h\u00e4ufig in der Verpackungs-, Lebensmittel- und Getr\u00e4nkeindustrie eingesetzt. &nbsp; Materialien und Ausf\u00fchrungen F\u00f6rderb\u00e4nder sind in jeder L\u00e4nge erh\u00e4ltlich und werden von uns ma\u00dfgefertigt. Sie werden aus Polyurethan (PU), Polyvinylchlorid (PVC), Gummi und Polyester hergestellt. Wir [&hellip;]<\/p>\n","protected":false},"author":2,"featured_media":0,"parent":0,"menu_order":0,"comment_status":"closed","ping_status":"closed","template":"","meta":{"_acf_changed":false,"_monsterinsights_skip_tracking":false,"_monsterinsights_sitenote_active":false,"_monsterinsights_sitenote_note":"","_monsterinsights_sitenote_category":0,"footnotes":""},"class_list":["post-1204","page","type-page","status-publish","hentry"],"acf":[],"yoast_head":"<!-- This site is optimized with the Yoast SEO plugin v26.9 - https:\/\/yoast.com\/product\/yoast-seo-wordpress\/ -->\n<title>F\u00f6rderb\u00e4nder - TechPoint Group<\/title>\n<meta name=\"robots\" content=\"index, follow, max-snippet:-1, max-image-preview:large, max-video-preview:-1\" \/>\n<link rel=\"canonical\" href=\"https:\/\/www.techpointgroup.eu\/de\/foerderbaender\/\" \/>\n<meta property=\"og:locale\" content=\"de_DE\" \/>\n<meta property=\"og:type\" content=\"article\" \/>\n<meta property=\"og:title\" content=\"F\u00f6rderb\u00e4nder - TechPoint Group\" \/>\n<meta property=\"og:description\" content=\"F\u00f6rderb\u00e4nder F\u00f6rderb\u00e4nder transportieren Waren w\u00e4hrend des Produktionsprozesses. Dies k\u00f6nnte die Umplatzierung von Halbfertigprodukten, Fertigprodukten oder Reststr\u00f6men beinhalten. Diese B\u00e4nder werden h\u00e4ufig in der Verpackungs-, Lebensmittel- und Getr\u00e4nkeindustrie eingesetzt. &nbsp; Materialien und Ausf\u00fchrungen F\u00f6rderb\u00e4nder sind in jeder L\u00e4nge erh\u00e4ltlich und werden von uns ma\u00dfgefertigt. Sie werden aus Polyurethan (PU), Polyvinylchlorid (PVC), Gummi und Polyester hergestellt. Wir [&hellip;]\" \/>\n<meta property=\"og:url\" content=\"https:\/\/www.techpointgroup.eu\/de\/foerderbaender\/\" \/>\n<meta property=\"og:site_name\" content=\"TechPoint Group\" \/>\n<meta property=\"article:modified_time\" content=\"2023-12-13T08:44:09+00:00\" \/>\n<meta name=\"twitter:card\" content=\"summary_large_image\" \/>\n<meta name=\"twitter:label1\" content=\"Gesch\u00e4tzte Lesezeit\" \/>\n\t<meta name=\"twitter:data1\" content=\"1\u00a0Minute\" \/>\n<!-- \/ Yoast SEO plugin. -->","yoast_head_json":{"title":"F\u00f6rderb\u00e4nder - TechPoint Group","robots":{"index":"index","follow":"follow","max-snippet":"max-snippet:-1","max-image-preview":"max-image-preview:large","max-video-preview":"max-video-preview:-1"},"canonical":"https:\/\/www.techpointgroup.eu\/de\/foerderbaender\/","og_locale":"de_DE","og_type":"article","og_title":"F\u00f6rderb\u00e4nder - TechPoint Group","og_description":"F\u00f6rderb\u00e4nder F\u00f6rderb\u00e4nder transportieren Waren w\u00e4hrend des Produktionsprozesses. Dies k\u00f6nnte die Umplatzierung von Halbfertigprodukten, Fertigprodukten oder Reststr\u00f6men beinhalten. Diese B\u00e4nder werden h\u00e4ufig in der Verpackungs-, Lebensmittel- und Getr\u00e4nkeindustrie eingesetzt. &nbsp; Materialien und Ausf\u00fchrungen F\u00f6rderb\u00e4nder sind in jeder L\u00e4nge erh\u00e4ltlich und werden von uns ma\u00dfgefertigt. Sie werden aus Polyurethan (PU), Polyvinylchlorid (PVC), Gummi und Polyester hergestellt. Wir [&hellip;]","og_url":"https:\/\/www.techpointgroup.eu\/de\/foerderbaender\/","og_site_name":"TechPoint Group","article_modified_time":"2023-12-13T08:44:09+00:00","twitter_card":"summary_large_image","twitter_misc":{"Gesch\u00e4tzte Lesezeit":"1\u00a0Minute"},"schema":{"@context":"https:\/\/schema.org","@graph":[{"@type":"WebPage","@id":"https:\/\/www.techpointgroup.eu\/de\/foerderbaender\/","url":"https:\/\/www.techpointgroup.eu\/de\/foerderbaender\/","name":"F\u00f6rderb\u00e4nder - TechPoint Group","isPartOf":{"@id":"https:\/\/www.techpointgroup.eu\/de\/#website"},"datePublished":"2022-10-18T09:31:38+00:00","dateModified":"2023-12-13T08:44:09+00:00","inLanguage":"de","potentialAction":[{"@type":"ReadAction","target":["https:\/\/www.techpointgroup.eu\/de\/foerderbaender\/"]}]},{"@type":"WebSite","@id":"https:\/\/www.techpointgroup.eu\/de\/#website","url":"https:\/\/www.techpointgroup.eu\/de\/","name":"TechPoint Group","description":"TechPoint Group","potentialAction":[{"@type":"SearchAction","target":{"@type":"EntryPoint","urlTemplate":"https:\/\/www.techpointgroup.eu\/de\/?s={search_term_string}"},"query-input":{"@type":"PropertyValueSpecification","valueRequired":true,"valueName":"search_term_string"}}],"inLanguage":"de"}]}},"_links":{"self":[{"href":"https:\/\/www.techpointgroup.eu\/de\/wp-json\/wp\/v2\/pages\/1204","targetHints":{"allow":["GET"]}}],"collection":[{"href":"https:\/\/www.techpointgroup.eu\/de\/wp-json\/wp\/v2\/pages"}],"about":[{"href":"https:\/\/www.techpointgroup.eu\/de\/wp-json\/wp\/v2\/types\/page"}],"author":[{"embeddable":true,"href":"https:\/\/www.techpointgroup.eu\/de\/wp-json\/wp\/v2\/users\/2"}],"replies":[{"embeddable":true,"href":"https:\/\/www.techpointgroup.eu\/de\/wp-json\/wp\/v2\/comments?post=1204"}],"version-history":[{"count":1,"href":"https:\/\/www.techpointgroup.eu\/de\/wp-json\/wp\/v2\/pages\/1204\/revisions"}],"predecessor-version":[{"id":1205,"href":"https:\/\/www.techpointgroup.eu\/de\/wp-json\/wp\/v2\/pages\/1204\/revisions\/1205"}],"wp:attachment":[{"href":"https:\/\/www.techpointgroup.eu\/de\/wp-json\/wp\/v2\/media?parent=1204"}],"curies":[{"name":"wp","href":"https:\/\/api.w.org\/{rel}","templated":true}]}}