{"id":1199,"date":"2023-02-02T18:08:34","date_gmt":"2023-02-02T17:08:34","guid":{"rendered":"https:\/\/www.techpointgroup.eu\/?page_id=1199"},"modified":"2023-12-13T09:54:00","modified_gmt":"2023-12-13T08:54:00","slug":"wartung-service","status":"publish","type":"page","link":"https:\/\/www.techpointgroup.eu\/de\/wartung-service\/","title":{"rendered":"Wartung &#038; Service"},"content":{"rendered":"<h2><strong>Technische Verwaltung<\/strong><\/h2>\n<p>Die Verwaltung und die Wartung Ihrer Anlagen sind von gro\u00dfer Bedeutung. Sie verl\u00e4ngern die Lebensdauer, verhindern unerwartete Systemausf\u00e4lle und gew\u00e4hrleisten damit gleichzeitig die Sicherheit der Mitarbeiter. Die TechPoint Group B.V. bleibt auch nach der Fertigstellung Ihrer Anlage gerne Ihr Partner. Unser erfahrenes Team sorgt daf\u00fcr, dass Sie entlastet und \u00fcber das Verwaltung und die Wartung Ihrer Anlage informiert werden.<\/p>\n<p>&nbsp;<\/p>\n<h2><strong>Wartungs- &amp; Servicevertrag<\/strong><\/h2>\n<p>Ein Wartungs- &amp; Servicevertrag umfasst eine Mischung aus regelm\u00e4\u00dfigen Inspektionen, pr\u00e4ventiver Wartung und Behebung von St\u00f6rungen durch Bereitschaftsdienste. Die Zusammensetzung dieser Leistungen h\u00e4ngt von der Installation und den W\u00fcnschen des Auftraggebers ab.<\/p>\n<p>&nbsp;<\/p>\n<h2><strong>Mehr erfahren? <\/strong><\/h2>\n<p>M\u00f6chten Sie mehr \u00fcber unsere M\u00f6glichkeiten im Bereich Wartung &amp; Service erfahren? Nehmen Sie gerne<a href=\"https:\/\/www.techpointgroup.eu\/de\/kontakt\/\"> Kontakt<\/a> mit einem unserer Spezialisten auf, der Ihnen gerne weiterhilft und informiert.<\/p>\n<p>&nbsp;<\/p>\n","protected":false},"excerpt":{"rendered":"<p>Technische Verwaltung Die Verwaltung und die Wartung Ihrer Anlagen sind von gro\u00dfer Bedeutung. Sie verl\u00e4ngern die Lebensdauer, verhindern unerwartete Systemausf\u00e4lle und gew\u00e4hrleisten damit gleichzeitig die Sicherheit der Mitarbeiter. Die TechPoint Group B.V. bleibt auch nach der Fertigstellung Ihrer Anlage gerne Ihr Partner. Unser erfahrenes Team sorgt daf\u00fcr, dass Sie entlastet und \u00fcber das Verwaltung und [&hellip;]<\/p>\n","protected":false},"author":2,"featured_media":0,"parent":0,"menu_order":0,"comment_status":"closed","ping_status":"closed","template":"","meta":{"_acf_changed":false,"_monsterinsights_skip_tracking":false,"_monsterinsights_sitenote_active":false,"_monsterinsights_sitenote_note":"","_monsterinsights_sitenote_category":0,"footnotes":""},"class_list":["post-1199","page","type-page","status-publish","hentry"],"acf":[],"yoast_head":"<!-- This site is optimized with the Yoast SEO plugin v26.9 - https:\/\/yoast.com\/product\/yoast-seo-wordpress\/ -->\n<title>Wartung &amp; Service - TechPoint Group<\/title>\n<meta name=\"robots\" content=\"index, follow, max-snippet:-1, max-image-preview:large, max-video-preview:-1\" \/>\n<link rel=\"canonical\" href=\"https:\/\/www.techpointgroup.eu\/de\/wartung-service\/\" \/>\n<meta property=\"og:locale\" content=\"de_DE\" \/>\n<meta property=\"og:type\" content=\"article\" \/>\n<meta property=\"og:title\" content=\"Wartung &amp; Service - TechPoint Group\" \/>\n<meta property=\"og:description\" content=\"Technische Verwaltung Die Verwaltung und die Wartung Ihrer Anlagen sind von gro\u00dfer Bedeutung. Sie verl\u00e4ngern die Lebensdauer, verhindern unerwartete Systemausf\u00e4lle und gew\u00e4hrleisten damit gleichzeitig die Sicherheit der Mitarbeiter. Die TechPoint Group B.V. bleibt auch nach der Fertigstellung Ihrer Anlage gerne Ihr Partner. Unser erfahrenes Team sorgt daf\u00fcr, dass Sie entlastet und \u00fcber das Verwaltung und [&hellip;]\" \/>\n<meta property=\"og:url\" content=\"https:\/\/www.techpointgroup.eu\/de\/wartung-service\/\" \/>\n<meta property=\"og:site_name\" content=\"TechPoint Group\" \/>\n<meta property=\"article:modified_time\" content=\"2023-12-13T08:54:00+00:00\" \/>\n<meta name=\"twitter:card\" content=\"summary_large_image\" \/>\n<meta name=\"twitter:label1\" content=\"Gesch\u00e4tzte Lesezeit\" \/>\n\t<meta name=\"twitter:data1\" content=\"1\u00a0Minute\" \/>\n<!-- \/ Yoast SEO plugin. -->","yoast_head_json":{"title":"Wartung & Service - TechPoint Group","robots":{"index":"index","follow":"follow","max-snippet":"max-snippet:-1","max-image-preview":"max-image-preview:large","max-video-preview":"max-video-preview:-1"},"canonical":"https:\/\/www.techpointgroup.eu\/de\/wartung-service\/","og_locale":"de_DE","og_type":"article","og_title":"Wartung & Service - TechPoint Group","og_description":"Technische Verwaltung Die Verwaltung und die Wartung Ihrer Anlagen sind von gro\u00dfer Bedeutung. Sie verl\u00e4ngern die Lebensdauer, verhindern unerwartete Systemausf\u00e4lle und gew\u00e4hrleisten damit gleichzeitig die Sicherheit der Mitarbeiter. Die TechPoint Group B.V. bleibt auch nach der Fertigstellung Ihrer Anlage gerne Ihr Partner. Unser erfahrenes Team sorgt daf\u00fcr, dass Sie entlastet und \u00fcber das Verwaltung und [&hellip;]","og_url":"https:\/\/www.techpointgroup.eu\/de\/wartung-service\/","og_site_name":"TechPoint Group","article_modified_time":"2023-12-13T08:54:00+00:00","twitter_card":"summary_large_image","twitter_misc":{"Gesch\u00e4tzte Lesezeit":"1\u00a0Minute"},"schema":{"@context":"https:\/\/schema.org","@graph":[{"@type":"WebPage","@id":"https:\/\/www.techpointgroup.eu\/de\/wartung-service\/","url":"https:\/\/www.techpointgroup.eu\/de\/wartung-service\/","name":"Wartung & Service - TechPoint Group","isPartOf":{"@id":"https:\/\/www.techpointgroup.eu\/de\/#website"},"datePublished":"2023-02-02T17:08:34+00:00","dateModified":"2023-12-13T08:54:00+00:00","inLanguage":"de","potentialAction":[{"@type":"ReadAction","target":["https:\/\/www.techpointgroup.eu\/de\/wartung-service\/"]}]},{"@type":"WebSite","@id":"https:\/\/www.techpointgroup.eu\/de\/#website","url":"https:\/\/www.techpointgroup.eu\/de\/","name":"TechPoint Group","description":"TechPoint Group","potentialAction":[{"@type":"SearchAction","target":{"@type":"EntryPoint","urlTemplate":"https:\/\/www.techpointgroup.eu\/de\/?s={search_term_string}"},"query-input":{"@type":"PropertyValueSpecification","valueRequired":true,"valueName":"search_term_string"}}],"inLanguage":"de"}]}},"_links":{"self":[{"href":"https:\/\/www.techpointgroup.eu\/de\/wp-json\/wp\/v2\/pages\/1199","targetHints":{"allow":["GET"]}}],"collection":[{"href":"https:\/\/www.techpointgroup.eu\/de\/wp-json\/wp\/v2\/pages"}],"about":[{"href":"https:\/\/www.techpointgroup.eu\/de\/wp-json\/wp\/v2\/types\/page"}],"author":[{"embeddable":true,"href":"https:\/\/www.techpointgroup.eu\/de\/wp-json\/wp\/v2\/users\/2"}],"replies":[{"embeddable":true,"href":"https:\/\/www.techpointgroup.eu\/de\/wp-json\/wp\/v2\/comments?post=1199"}],"version-history":[{"count":4,"href":"https:\/\/www.techpointgroup.eu\/de\/wp-json\/wp\/v2\/pages\/1199\/revisions"}],"predecessor-version":[{"id":1214,"href":"https:\/\/www.techpointgroup.eu\/de\/wp-json\/wp\/v2\/pages\/1199\/revisions\/1214"}],"wp:attachment":[{"href":"https:\/\/www.techpointgroup.eu\/de\/wp-json\/wp\/v2\/media?parent=1199"}],"curies":[{"name":"wp","href":"https:\/\/api.w.org\/{rel}","templated":true}]}}